{"id":5156,"date":"2023-05-08T17:04:48","date_gmt":"2023-05-08T17:04:48","guid":{"rendered":"http:\/\/motosvazquez.com\/web\/?page_id=5156"},"modified":"2023-05-08T17:28:55","modified_gmt":"2023-05-08T17:28:55","slug":"aviso-legal-en-paginas-web","status":"publish","type":"page","link":"http:\/\/motosvazquez.com\/web\/?page_id=5156","title":{"rendered":"AVISO LEGAL"},"content":{"rendered":"<p>VAZQUEZ RACING S.L. (en adelante \u00abla empresa\u00bb). con domicilio en CALLE HILERO, N\u00ba 12, 28696, PELAYOS DE LA PRESA ( MADRID), y con CIF B87259404, inscrita en el Registro Mercantil de , Torno XXXX, Libro X, Secci6n X, Folio XXX, Hoja XXXXXXX. INFORMA:<\/p>\n<p>La utilizaci6n del nombre de dominio https:\/\/motosvazquez.com\/web\/ se encuentra debidamente registrado por la empresa, con todas las garant\u00edas, tal y como dispone en la Ley 34\/2002, de 11 de julio, de Servicios de la Sociedad de la lnformaci6n y del Comercio Electr6nico. No obstante, se pone de manifiesto la plena adecuaci6n de los presentes T\u00e9rminos Legales a la normativa vigente en materia de Protecci6n de Datos, Comercio Electr6nico, Condiciones Contrataci6n, Propiedad lntelectual y dem\u00e1s disposiciones subsidiarias.<\/p>\n<h3>1. ACEPTACI\u00d3N DE LOS T\u00c9RMINOS LEGALES<\/h3>\n<p><strong>A.-<\/strong> El acceso a este sitio web o su utilizaci6n en cualquier forma implica la aceptaci6n de todas y cada una de los presentes T\u00e9rminos Legales, reserv\u00e1ndose la empresa el derecho a modificarlos en cualquier momento. En consecuencia, ser\u00e1 responsabilidad de todo visitante y\/o Usuario, la atenta lectura de los T\u00e9rminos Legales de uso vigente en cada una de las ocasiones en que acceda a este sitio web, por lo que, si este no est\u00e1 de acuerdo con cualquiera de los mismos aqu\u00ed dispuestos, deber\u00e1 abstenerse respecto al uso de la presente p\u00e1gina web.<\/p>\n<h3>2. OBJETO<\/h3>\n<p><strong>A.-<\/strong> Por medio de la web https:\/\/motosvazquez.com\/web\/, se facilita a los Usuarios el acceso a diversos contenidos, servicios, informaci6n y datos (los \u00abcontenidos\u00bb), puestos a su disposici6n. La empresa se reserva el derecho de modificar en cualquier momento la presentaci6n, configuraci6n y localizaci6n de la p\u00e1gina web, as\u00ed como los contenidos, productos y servicios en el dispuestos.<\/p>\n<h3>3. CONDICIONES DE ACCESO<\/h3>\n<p><strong>A.-<\/strong> El acceso a la informaci6n de los distintos productos y servicios existentes en el sitio web, as\u00ed como a su navegaci6n ser\u00e1 libre y gratuita no exigi\u00e9ndose por tanto a los Usuarios el pertinente registro con la consecuente entrega de sus datos personales, ni la utilizaci6n de claves o contrase\u00f1as.<br \/>\n<strong>B.-<\/strong>Cuando para el acceso a determinados contenidos o servicios sea necesario facilitar datos de car\u00e1cter personal, los Usuarios garantizaran su veracidad, exactitud, autenticidad y vigencia. La empresa, dar\u00e1 a dichos datos el tratamiento automatizado que corresponda en funci6n de su naturaleza o finalidad, en los t\u00e9rminos indicados en la secci6n de Pol\u00edtica de Protecci6n de<\/p>\n<h3>4. CONDICIONES DE UTILIZACI\u00d3N<\/h3>\n<p><strong>A.-<\/strong>El Usuario se compromete a hacer un uso adecuado y l\u00edcito del sitio web as\u00ed como de los contenidos y servicios, de conformidad con la legislaci6n aplicable en cada momento, los T\u00e9rminos Legales del sitio web, la moral y buenas costumbres generalmente aceptadas y el orden EI Usuario deber\u00e1 abstenerse de:<br \/>\n&#8211; Hacer un uso no autorizado o fraudulento del sitio web y\/o de los contenidos con fines o efectos il\u00edcitos, prohibidos en los presentes T\u00e9rminos Legales, lesivos de los derechos e intereses de terceros, o que de cualquier forma puedan da\u00f1ar, inutilizar, sobrecargar, deteriorar o impedir la normal utilizaci6n de los servicios o los documentos, archivos y toda clase de contenidos almacenados en cualquier equipo inform\u00e1tico;<br \/>\n&#8211; Acceder o intentar acceder a recursos o \u00e1reas restringidas del sitio web, sin cumplir las condiciones exigidas para dicho acceso;<br \/>\n&#8211; Provocar da\u00f1os en los sistemas f\u00edsicos o l\u00f3gicos del sitio web, de sus proveedores o de terceros;<br \/>\n&#8211; lntroducir o difundir en la red virus inform\u00e1ticos o cualesquiera otros sistemas f\u00edsicos o 1\u00f3gicos que sean susceptibles de provocar da\u00f1os en los sistemas f\u00edsicos o 1\u00f3gicos de la empresa, de sus proveedores o de terceros<br \/>\n&#8211; lntentar acceder, utilizar y\/o manipular los datos de la empresa, terceros proveedores y otros Usuarios;<br \/>\n&#8211; Reproducir o copiar, distribuir, permitir el acceso del p\u00fablico a trav\u00e9s de cualquier modalidad de comunicaci6n publica, transformar o modificar los contenidos, a menos que se cuente con la autorizaci6n expresa del titular de los correspondientes derechos o ello resulte legalmente permitido;<br \/>\n&#8211; Suprimir, ocultar o manipular las notas sobre derechos de propiedad intelectual o industrial y dem\u00e1s datos identificativos de los derechos de la empresa o de terceros incorporados a los contenidos, as\u00ed como los dispositivos t\u00e9cnicos de protecci6n o cualesquiera mecanismos de informaci6n que puedan insertarse en los contenidos;<br \/>\n&#8211; intentar obtener datos personales distintos a los que est\u00e1 autorizado a conocer, empleando para ello medios o procedimientos il\u00edcitos, fraudulentos o que puedan causar cualquier tipo de (V\u00e9ase Virus, troyanos, bug&#8217;s, Worms, etc)<br \/>\n-En particular, ya t\u00edtulo meramente indicativo y no exhaustivo, el Usuario se compromete a no transmitir, difundir o poner a disposici6n de terceros informaciones, datos, contenidos, mensajes, gr\u00e1ficos, dibujos, archivos de sonido y\/o imagen, fotograf\u00edas, grabaciones, software y, en general, cualquier clase de material que:<\/p>\n<p>&#8211; De cualquier forma sea contrario, menosprecie o atente contra los derechos fundamentales y las libertades p\u00fablicas reconocidas constitucionalmente, en los Tratados lnternacionales y en el resto de la legislaci6n;<br \/>\n&#8211; Induzca, incite o promueva actuaciones delictivas, denigratorias, difamatorias, violentas o, en general, contrarias a la ley, a la moral, a las buenas costumbres generalmente aceptadas o al orden p\u00fablico;<br \/>\n&#8211; Induzca, incite o promueva actuaciones, actitudes o pensamientos discriminatorios por raz6n de sexo, raza, religi\u00f3n, creencias, edad o condici6n;<br \/>\n&#8211; lncorpore, ponga a disposici6n o permita acceder a productos, elementos, mensajes y\/o servicios delictivos, violentos, ofensivos, nocivos, degradantes o, en general, contrarios a la ley, a la moral y a las buenas costumbres generalmente aceptadas o al orden p\u00fablico;<br \/>\n&#8211; lnduzca o pueda inducir a un estado inaceptable de ansiedad o temor;<br \/>\n&#8211; lnduzca o incite a involucrarse en pr\u00e1cticas peligrosas, de riesgo o nocivas para la salud y el equilibrio ps\u00edquico;<br \/>\n&#8211; Se encuentra protegido por la legislaci6n en materia de protecci6n intelectual o industrial perteneciente a la empresa o a terceros sin que haya sido autorizado el uso que se pretenda hacer;<br \/>\n&#8211; Sea contrario al honor, a la intimidad personal y familiar o a la propia imagen de las personas;<br \/>\n&#8211; Constituya cualquier tipo de publicidad;<br \/>\n&#8211; lncluya cualquier tipo de virus o programa que impida el normal funcionamiento del sitio web.<br \/>\n<strong>B-<\/strong> Cuando para el acceso a determinados contenidos o servicios sea necesario facilitar datos de car\u00e1cter personal, los Usuarios garantizaran su veracidad, exactitud, autenticidad y vigencia. La empresa, dar\u00e1 a dichos datos el tratamiento automatizado que corresponda en funci6n de su naturaleza o finalidad, en los t\u00e9rminos indicados en la secci6n de Pol\u00edtica de Protecci6n de<\/p>\n<h3>5. RESPONSABILIDADES<\/h3>\n<p><strong>A.<\/strong> La empresa no garantiza el acceso continuado, ni la correcta visualizaci6n, descarga o utilidad de los elementos e informaciones contenidas en las p\u00e1ginas de la empresa, que pueden verse<br \/>\nimpedidos, dificultados o interrumpidos por factores o circunstancias que est\u00e1n fuera de su control<br \/>\n<strong>B.<\/strong> La empresa, podr\u00e1 interrumpir el servicio o resolver de modo inmediato la relaci6n con el Usuario si detecta un uso de su Portal o de cualquiera de los servicios ofertados en el mismo son contrarios a los presentes T\u00e9rminos Legales.<br \/>\n<strong>C.<\/strong> La empresa, pone a disposici6n de los Usuarios una direcci6n de correo electr6nico motosvazquez@motosvazquez.com para que cualquier contenido que pueda afectar a la actividad de otros usuarios sea puesto de manifiesto, con la voluntad de rectificar el mismo en caso de ser<br \/>\n<strong>D.<\/strong> La empresa, no se hace responsable por danos, perjuicios, perdidas, reclamaciones o gastos, producidos por:<br \/>\n\u2022 lnterferencias, interrupciones, fallos, omisiones, aver\u00edas telef6nicas, retrasos, bloqueos o desconexiones en el funcionamiento del sistema electr6nico, motivadas por deficiencias, sobrecargas y errores en las l\u00edneas y redes de telecomunicaciones, o por cualquier otra causa ajena al control de La empresa;<br \/>\n\u2022 lntromisiones ileg\u00edtimas mediante el uso de programas malignos de cualquier tipo y a trav\u00e9s de cualquier medio de comunicaci6n, tales como virus inform\u00e1ticos o cualesquiera otros;<br \/>\n\u2022 Abuso indebido o inadecuado de las p\u00e1ginas web de la empresa;<br \/>\n\u2022 Errores de seguridad o navegaci6n producidos por un mal funcionamiento del navegador o por el uso de versiones no actualizadas del mismo. Los administradores de la empresa se reservan el derecho de retirar, total o parcialmente, cualquier contenido o informaci6n presente en la web.<br \/>\n<strong>E.<\/strong> La empresa, excluye cualquier responsabilidad por los danos y perjuicios de toda naturaleza que pudieran deberse a la mala utilizaci6n de los servicios de libre disposici6n y uso por parte de los usuarios de la Web. Asimismo, la empresa queda exonerada de cualquier responsabilidad por el contenido e informaciones que puedan ser recibidas como consecuencia de los formularios de recogida de datos, estando los mismos \u00fanicamente para la prestaci6n de los servicios descritos ofertados por la empresa; Servicios tales como comercio online y solicitud de presupuestos. Por otro lado, en caso de causar danos y perjuicios por un uso il\u00edcito o incorrecto de dichos servicios, el usuario podr\u00e1 ser reclamado por la empresa por dichos danos o perjuicios<\/p>\n<h3>6. PROPIEDAD INTELECTUAL E INDUSTRIAL<\/h3>\n<p><strong>A.<\/strong> El Usuario reconoce y acepta que todas las marcas, nombres comerciales o signos distintivos, todos los derechos de propiedad industrial e intelectual, sobre los contenidos y\/o cualesquiera otros elementos insertados en el p\u00e1gina, son propiedad exclusiva de la empresa y\/o de terceros, quienes tiene el derecho exclusivo de utilizarlos en el tr\u00e1fico En ning\u00fan caso el acceso a la p\u00e1gina Web implica ning\u00fan tipo de renuncia, transmisi6n, licencia o cesi6n total ni parcial de dichos derechos, salvo que se establezca expresamente lo contrario. Los presentes T\u00e9rminos Legales de la p\u00e1gina Web no confieren a los Usuarios ning\u00fan otro derecho de utilizaci6n, alteraci6n, explotaci6n, reproducci6n, distribuci6n o comunicaci6n publica de la p\u00e1gina Web y\/o de sus Contenidos distintos de los aqu\u00ed expresamente previstos. Cualquier otro uso o explotaci6n de cualesquiera derechos estar\u00e1 sujeto a la previa y expresa autorizaci6n espec\u00edficamente otorgada a tal efecto por la empresa o el tercero titular de los derechos afectados.<br \/>\n<strong>B.<\/strong> Los contenidos, textos, fot\u00f3grafas, dise\u00f1os, logotipos, im\u00e1genes, programas de ordenador, c6digos fuente y, en general, cualquier creaci6n intelectual existente en este sitio, as\u00ed como el propio sitio en su conjunto, como obra art\u00edstica multimedia, est\u00e1n protegidos como derechos de autor por la legislaci6n en materia de propiedad La empresa es titular de los elementos que integran el dise\u00f1o gr\u00e1fico de su p\u00e1gina web, lo men\u00fas, botones de navegaci6n, el c6digo HTML, los textos, im\u00e1genes, texturas, gr\u00e1ficos y cualquier otro contenido de la p\u00e1gina Web o, en cualquier caso dispone de la correspondiente autorizaci6n para la utilizaci6n de dichos elementos. El contenido dispuesto en dicha web no podr\u00e1 ser reproducido ni en todo ni en parte, ni<\/p>\n<p>transmitido, ni registrado por ning\u00fan sistema de recuperaci6n de informaci6n, en ninguna forma ni en ning\u00fan medio, a menos que se cuente con la autorizaci6n previa, por escrito, de la citada Entidad.<br \/>\n<strong>C.<\/strong> As\u00ed mismo queda prohibido suprimir, eludir o manipular el \u00abcopyright\u00bb y la empresa, as\u00ed como los dispositivos t\u00e9cnicos de protecci6n, o cualesquiera mecanismos de informaci6n que pudieren contener los contenidos. El Usuario de este sitio Web se compromete a respetar los derechos enunciados y a evitar cualquier actuaci6n que pudiera perjudicarlos, reserv\u00e1ndose en todo caso la empresa el ejercicio de cuantos medios o acciones legales le correspondan en defensa de sus leg\u00edtimos derechos de propiedad intelectual e industrial<\/p>\n<h3>7. PROTECCI\u00d3N DE DATOS<\/h3>\n<p><strong>A.<\/strong> Para utilizar algunos de los Servicios, los Usuarios deben proporcionar previamente ciertos datos de car\u00e1cter personal. Para ello, la empresa tratara automatizada mente los Datos Personales en cumplimiento con el Reglamento General de Protecci6n de Datos 2016\/679 de 27 de abril de 2016, Para ello, el usuario puede acceder a la pol\u00edtica seguida en el tratamiento de los datos personales (POL\u00cdTICA PROTECCI\u00d3N DE DATOS) as\u00ed como el establecimiento de las finalidades previamente establecidas, a lo dispuesto en las condiciones definidas en la Pol\u00edtica de Protecci6n de Datos que presenta el Web.<\/p>\n<h3>8. DURACI\u00d3N Y TERMINACI\u00d3N<\/h3>\n<p><strong>A<\/strong>. La prestaci6n del servicio del presente sitio Web y los dem\u00e1s servicios tienen en principio una duraci\u00f3n, No obstante, la empresa, podr\u00e1 dar por terminada o suspender cualquiera de los servicios del portal. Cuando sea ello posible, la empresa, anunciara la terminaci6n o suspensi\u00f3n de la prestaci6n del servicio determinado<\/p>\n<h3>9. FUERZA MAYOR<\/h3>\n<p><strong>A.<\/strong> La empresa, no ser\u00e1 responsable en todo en caso de imposibilidad de prestar servicio, siesta se debe a interrupciones prolongadas del suministro el\u00e9ctrico, l\u00edneas de telecomunicaciones, conflictos sociales, huelgas, rebeli6n, explosiones, inundaciones, actos y omisiones del Gobierno, y en general todos los supuestos de fuerza mayor.<\/p>\n<h3>10. COOKIES UTILIZADAS EN ESTE SITIO WEB<\/h3>\n<p><strong>A.<\/strong> Siguiendo las directrices de la Agencia Espa\u00f1ola de Protecci6n de Datos podr\u00e1 consultar nuestra pol\u00edtica de cookies pinchando <a href=\"http:\/\/motosvazquez.com\/web\/?page_id=5160\">aqu\u00ed.<\/a><\/p>\n<h3>11. LEY APLICABLE Y JURISDICCI\u00d3N<\/h3>\n<p><strong>A.<\/strong> Los presentes T\u00e9rminos Legales se rigen por la Ley espa\u00f1ola. En la medida en que as\u00ed lo permita la ley, las partes con renuncia expresa a cualquier otro fuero que pudiera corresponderles, acuerdan someterse a la jurisdicci6n de los Juzgados y Tribunales donde recae la raz6n social de la empresa.<\/p>\n","protected":false},"excerpt":{"rendered":"<p>VAZQUEZ RACING S.L. (en adelante \u00abla empresa\u00bb). con domicilio en CALLE HILERO, N\u00ba 12, 28696, PELAYOS DE LA PRESA ( MADRID), y con CIF B87259404, inscrita en el Registro Mercantil de , Torno XXXX, Libro X, Secci6n X, Folio XXX, Hoja XXXXXXX. INFORMA: La utilizaci6n del nombre de dominio https:\/\/motosvazquez.com\/web\/ se encuentra debidamente registrado por [&hellip;]<\/p>\n","protected":false},"author":1,"featured_media":0,"parent":0,"menu_order":0,"comment_status":"closed","ping_status":"closed","template":"","meta":[],"_links":{"self":[{"href":"http:\/\/motosvazquez.com\/web\/index.php?rest_route=\/wp\/v2\/pages\/5156"}],"collection":[{"href":"http:\/\/motosvazquez.com\/web\/index.php?rest_route=\/wp\/v2\/pages"}],"about":[{"href":"http:\/\/motosvazquez.com\/web\/index.php?rest_route=\/wp\/v2\/types\/page"}],"author":[{"embeddable":true,"href":"http:\/\/motosvazquez.com\/web\/index.php?rest_route=\/wp\/v2\/users\/1"}],"replies":[{"embeddable":true,"href":"http:\/\/motosvazquez.com\/web\/index.php?rest_route=%2Fwp%2Fv2%2Fcomments&post=5156"}],"version-history":[{"count":4,"href":"http:\/\/motosvazquez.com\/web\/index.php?rest_route=\/wp\/v2\/pages\/5156\/revisions"}],"predecessor-version":[{"id":5169,"href":"http:\/\/motosvazquez.com\/web\/index.php?rest_route=\/wp\/v2\/pages\/5156\/revisions\/5169"}],"wp:attachment":[{"href":"http:\/\/motosvazquez.com\/web\/index.php?rest_route=%2Fwp%2Fv2%2Fmedia&parent=5156"}],"curies":[{"name":"wp","href":"https:\/\/api.w.org\/{rel}","templated":true}]}}