{"id":5160,"date":"2023-05-08T17:12:11","date_gmt":"2023-05-08T17:12:11","guid":{"rendered":"http:\/\/motosvazquez.com\/web\/?page_id=5160"},"modified":"2023-05-08T17:27:25","modified_gmt":"2023-05-08T17:27:25","slug":"politica-de-cookies","status":"publish","type":"page","link":"http:\/\/motosvazquez.com\/web\/?page_id=5160","title":{"rendered":"POL\u00cdTICA DE COOKIES"},"content":{"rendered":"\n<h2 class=\"wp-block-heading\">INSTRUCCIONES POL\u00cdTICA DE COOKIES<\/h2>\n\n\n\n<p>Utilizamos cookies propias y de terceros para mejorar nuestros servicios mediante el an\u00e1lisis de sus h\u00e1bitos de navegaci\u00f3n. Puede obtener m\u00e1s informaci6n, o bien cambiar su configuraci\u00f3n.<\/p>\n\n\n\n<p><strong>-DEFINICION Y FUNCIONES DE LAS COOKIES<\/strong><\/p>\n\n\n\n<p>Una cookie es un fichero que se descargan en su ordenador al acceder a determinadas p\u00e1ginas web. Las cookies permiten a una p\u00e1gina web, entre otras cosas, almacenar y recuperar informaci6n sobre los h\u00e1bitos de navegaci6n de un usuario o de su equipo y, dependiendo de la informaci6n que contengan y de la forma en que utilice su equipo, pueden utilizarse para reconocer al usuario.<\/p>\n\n\n\n<p><strong>-\u00bfQUE TIPO DE COOKIES UTILIZA ESTA PAGINA WEB?<\/strong><\/p>\n\n\n\n<p>Cookies de personalizaci\u00f3n: Permiten al usuario acceder al servicio con algunas caracter\u00edsticas de car\u00e1cter general predefinidas en funci\u00f3n de una serie de criterios en el terminal del usuario como por ejemplo el idioma, el tipo de navegador a trav\u00e9s del cual accede al servicio, la configuraci\u00f3n regional desde donde accede al servicio, etc.<\/p>\n\n\n\n<p>Cookies de an\u00e1lisis: Permiten el seguimiento y an\u00e1lisis del comportamiento de los usuarios de los sitios web a los que est\u00e1n vinculadas. La informaci6n recogida se utiliza en la medici6n de la actividad de nuestra p\u00e1gina web y para la elaboraci6n de perfiles de navegaci6n de los usuarios con el fin de introducir mejoras en funci6n del an\u00e1lisis de los datos de uso que hacen los usuarios del servicio.<\/p>\n\n\n\n<figure class=\"wp-block-table\"><table class=\"has-fixed-layout\"><thead><tr><th><\/th><th><\/th><th><\/th><\/tr><\/thead><tbody><tr><td><strong>Cookies<\/strong><\/td><td><strong>Finalidad\/ Info<\/strong><\/td><td><strong>Duraci\u00f3n<\/strong><\/td><\/tr><tr><td>_gat_gtag_UA_<\/td><td>Esta cookie de Google Analytics es de an\u00e1lisis y sirve para medir como los usuarios interact\u00faan con nuestra p\u00e1gina web.<\/td><td>Hasta el fin de la sesi\u00f3n<\/td><\/tr><tr><td>_ga<\/td><td>Es una cookie de an\u00e1lisis de Google Analytics que sirve para almacenar el c\u00f3digo de identificaci\u00f3n del usuario, aunque el nombre de la cookie, el dominio y el tiempo de expiraci\u00f3n pueden ser personalizados.<\/td><td>2 a\u00f1os<\/td><\/tr><tr><td>_gid<\/td><td>Es una cookie de an\u00e1lisis de Google Analytics que sirve para dar un c\u00f3digo de identificaci\u00f3n diferente a cada p\u00e1gina e indicar la fecha.<\/td><td>1 d\u00edas<\/td><\/tr><tr><td>wfwaf-authcookie<\/td><td>Esta cookie es establecida por el plugin de seguridad de WordPress \u00abWordfence\u00bb. Se utiliza para autenticar la solicitud de inicio de sesi\u00f3n del usuario.<\/td><td>1 d\u00eda<\/td><\/tr><tr><td>wordpress_sec_<\/td><td>Estas cookies nos ayudan a mantenerte conectado a nuestro sitio.<\/td><td>sesi\u00f3n<\/td><\/tr><tr><td>wordpress_logged_in<\/td><td>Cookie de WordPress para un usuario que ha hecho inicio de sesi\u00f3n<\/td><td>sesi\u00f3n<\/td><\/tr><tr><td>wp-saving-post<\/td><td>Cookie de WordPress creada al guardar autom\u00e1ticamente una publicaci\u00f3n en el editor.<\/td><td>1 d\u00eda<\/td><\/tr><tr><td>wp-settings<\/td><td>Esto se utiliza para personalizar su vista de la interfaz de administraci\u00f3n, y posiblemente tambi\u00e9n la interfaz principal del sitio.<\/td><td>1 a\u00f1o<\/td><\/tr><tr><td>wp-settings-time<\/td><td>Establecido por WordPress, utilizado para personalizar la interfaz del sitio principal.<\/td><td>1a\u00f1o<\/td><\/tr><\/tbody><\/table><\/figure>\n\n\n\n<p><strong>-BLOQUEAR O ELIMINAR COOKIES<\/strong><\/p>\n\n\n\n<p>Todos los navegadores ofrecen al usuario la posibilidad de buscar y visualizar las cookies que instala un determinado sitio web, obtener informaci\u00f3n relativa a la duraci\u00f3n de las mismas y la posibilidad de eliminarlas, tal y como se indica en el siguiente apartado. A continuaci\u00f3n, se muestran una serie de enlaces informativos sobre esta cuesti\u00f3n de los navegadores m\u00e1s utilizados:<\/p>\n\n\n\n<p>Google Chrome: <a href=\"https:\/\/support.google.com\/chrome\/answer\/95647?hl=es\">https:\/\/support.google.com\/chrome\/answer\/95647?hl=es<\/a><\/p>\n\n\n\n<p>Mozilla Firefox: <a href=\"https:\/\/support.mozilla.org\/es\/kb\/cookies-informacion-que-los-sitios-web-guardan-en-\">https:\/\/support.mozilla.org\/es\/kb\/cookies-informacion-que-los-sitios-web-guardan-en-<\/a><\/p>\n\n\n\n<p>Internet Explorer: <a href=\"https:\/\/support.google.com\/chrome\/answer\/95647?hl=es\">http:\/\/windows.microsoft.com\/es-es\/internet-explorer\/delete-manage-cookies#ie=ie-11<\/a><\/p>\n\n\n\n<p>Microsoft Edge:&nbsp;<a href=\"https:\/\/support.microsoft.com\/es-es\/topic\/ver-las-cookies-en-microsoft-edge-a7d95376-f2cd-8e4a-25dc-1de753474879\">https:\/\/support.microsoft.com\/es-es\/topic\/ver-las-cookies-en-microsoft-edge-a7d95376-f2cd-8e4a-25dc-1de753474879<\/a><\/p>\n","protected":false},"excerpt":{"rendered":"<p>INSTRUCCIONES POL\u00cdTICA DE COOKIES Utilizamos cookies propias y de terceros para mejorar nuestros servicios mediante el an\u00e1lisis de sus h\u00e1bitos de navegaci\u00f3n. Puede obtener m\u00e1s informaci6n, o bien cambiar su configuraci\u00f3n. -DEFINICION Y FUNCIONES DE LAS COOKIES Una cookie es un fichero que se descargan en su ordenador al acceder a determinadas p\u00e1ginas web. Las [&hellip;]<\/p>\n","protected":false},"author":1,"featured_media":0,"parent":0,"menu_order":0,"comment_status":"closed","ping_status":"closed","template":"","meta":[],"_links":{"self":[{"href":"http:\/\/motosvazquez.com\/web\/index.php?rest_route=\/wp\/v2\/pages\/5160"}],"collection":[{"href":"http:\/\/motosvazquez.com\/web\/index.php?rest_route=\/wp\/v2\/pages"}],"about":[{"href":"http:\/\/motosvazquez.com\/web\/index.php?rest_route=\/wp\/v2\/types\/page"}],"author":[{"embeddable":true,"href":"http:\/\/motosvazquez.com\/web\/index.php?rest_route=\/wp\/v2\/users\/1"}],"replies":[{"embeddable":true,"href":"http:\/\/motosvazquez.com\/web\/index.php?rest_route=%2Fwp%2Fv2%2Fcomments&post=5160"}],"version-history":[{"count":4,"href":"http:\/\/motosvazquez.com\/web\/index.php?rest_route=\/wp\/v2\/pages\/5160\/revisions"}],"predecessor-version":[{"id":5166,"href":"http:\/\/motosvazquez.com\/web\/index.php?rest_route=\/wp\/v2\/pages\/5160\/revisions\/5166"}],"wp:attachment":[{"href":"http:\/\/motosvazquez.com\/web\/index.php?rest_route=%2Fwp%2Fv2%2Fmedia&parent=5160"}],"curies":[{"name":"wp","href":"https:\/\/api.w.org\/{rel}","templated":true}]}}