{"id":19,"date":"2014-08-11T16:22:35","date_gmt":"2014-08-11T16:22:35","guid":{"rendered":"http:\/\/motosvazquez.com\/web\/?page_id=19"},"modified":"2019-01-09T09:42:58","modified_gmt":"2019-01-09T09:42:58","slug":"home","status":"publish","type":"page","link":"https:\/\/motosvazquez.com\/web\/","title":{"rendered":"Home"},"content":{"rendered":"<div id=\"pl-19\"  class=\"panel-layout\" ><div id=\"pg-19-0\"  class=\"panel-grid panel-no-style\" ><div id=\"pgc-19-0-0\"  class=\"panel-grid-cell\" ><div id=\"panel-19-0-0-0\" class=\"so-panel widget widget_circleicon-widget panel-first-child panel-last-child\" data-index=\"0\" >\t\t<div class=\"circle-icon-box circle-icon-position-top circle-icon-hide-box circle-icon-size-small \">\n\t\t\t\t\t\t\t<div class=\"circle-icon-wrapper\">\n\t\t\t\t\t\t\t\t\t\t<div class=\"circle-icon\" >\n\t\t\t\t\t\t\t\t\t\t\t\t\t<div\n\t\t\t\t\t\t\t\tclass=\"fa fa-pencil-square-o\"\n\t\t\t\t\t\t\t\t\t\t\t\t\t\t\t><\/div>\n\t\t\t\t\t\t\t\t\t\t\t<\/div>\n\t\t\t\t\t\t\t\t\t<\/div>\n\t\t\t\n\t\t\t\t\t\t\t\t\t\t<h4 >\n\t\t\t\t\tPida presupuesto previo\t\t\t\t<\/h4>\n\t\t\t\t\t\t\n\t\t\t\t\t\t\t<p class=\"text\" >\n\t\t\t\tLe facilitamos presupuesto previo tanto de sus reparaciones como de las restauraciones de su moto, sin compromiso alguno.\t\t\t<\/p>\n\t\t\t\t\t\t\t\t\t\t<a\n\t\t\t\t\thref=\"http:\/\/motosvazquez.com\/web\/?page_id=6\"\n\t\t\t\t\tclass=\"more-button\"\n\t\t\t\t\t\t\t\t\t>\n\t\t\t\t\tContacto\t\t\t\t\t<i><\/i>\n\t\t\t\t<\/a>\n\t\t\t\t\t<\/div>\n\t\t<\/div><\/div><div id=\"pgc-19-0-1\"  class=\"panel-grid-cell\" ><div id=\"panel-19-0-1-0\" class=\"so-panel widget widget_circleicon-widget panel-first-child panel-last-child\" data-index=\"1\" >\t\t<div class=\"circle-icon-box circle-icon-position-top circle-icon-hide-box circle-icon-size-small \">\n\t\t\t\t\t\t\t<div class=\"circle-icon-wrapper\">\n\t\t\t\t\t\t\t\t\t\t<div class=\"circle-icon\" >\n\t\t\t\t\t\t\t\t\t\t\t\t\t<div\n\t\t\t\t\t\t\t\tclass=\"fa fa-check-circle-o\"\n\t\t\t\t\t\t\t\t\t\t\t\t\t\t\t><\/div>\n\t\t\t\t\t\t\t\t\t\t\t<\/div>\n\t\t\t\t\t\t\t\t\t<\/div>\n\t\t\t\n\t\t\t\t\t\t\t\t\t\t<h4 >\n\t\t\t\t\tGarantia\t\t\t\t<\/h4>\n\t\t\t\t\t\t\n\t\t\t\t\t\t\t<p class=\"text\" >\n\t\t\t\tNuestras reparaciones estan garantizadas, Motos Vazquez responde.\t\t\t<\/p>\n\t\t\t\t\t\t\t\t\t\t<a\n\t\t\t\t\thref=\"http:\/\/motosvazquez.com\/web\/?page_id=9\"\n\t\t\t\t\tclass=\"more-button\"\n\t\t\t\t\t\t\t\t\t>\n\t\t\t\t\tRestauraciones y Preparaciones\t\t\t\t\t<i><\/i>\n\t\t\t\t<\/a>\n\t\t\t\t\t<\/div>\n\t\t<\/div><\/div><div id=\"pgc-19-0-2\"  class=\"panel-grid-cell\" ><div id=\"panel-19-0-2-0\" class=\"so-panel widget widget_circleicon-widget panel-first-child panel-last-child\" data-index=\"2\" >\t\t<div class=\"circle-icon-box circle-icon-position-top circle-icon-hide-box circle-icon-size-small \">\n\t\t\t\t\t\t\t<div class=\"circle-icon-wrapper\">\n\t\t\t\t\t\t\t\t\t\t<div class=\"circle-icon\" >\n\t\t\t\t\t\t\t\t\t\t\t\t\t<div\n\t\t\t\t\t\t\t\tclass=\"fa fa-clock-o\"\n\t\t\t\t\t\t\t\t\t\t\t\t\t\t\t><\/div>\n\t\t\t\t\t\t\t\t\t\t\t<\/div>\n\t\t\t\t\t\t\t\t\t<\/div>\n\t\t\t\n\t\t\t\t\t\t\t\t\t\t<h4 >\n\t\t\t\t\tCumplimos los plazos\t\t\t\t<\/h4>\n\t\t\t\t\t\t\n\t\t\t\t\t\t\t<p class=\"text\" >\n\t\t\t\tCumplicos los plazos de entrega de su moto, sin demoras e interminables semanas en el taller.\t\t\t<\/p>\n\t\t\t\t\t\t\t\t\t\t<a\n\t\t\t\t\thref=\"http:\/\/motosvazquez.com\/web\/?page_id=9\"\n\t\t\t\t\tclass=\"more-button\"\n\t\t\t\t\t\t\t\t\t>\n\t\t\t\t\tCumplimos los plazos\t\t\t\t\t<i><\/i>\n\t\t\t\t<\/a>\n\t\t\t\t\t<\/div>\n\t\t<\/div><\/div><\/div><div id=\"pg-19-1\"  class=\"panel-grid panel-has-style\" ><div class=\"wide-grey panel-row-style panel-row-style-for-19-1\" ><div id=\"pgc-19-1-0\"  class=\"panel-grid-cell\" ><div id=\"panel-19-1-0-0\" class=\"so-panel widget widget_siteorigin-panels-postloop panel-first-child\" data-index=\"3\" ><h3 class=\"widget-title\"><span class=\"vantage-carousel-title\"><span class=\"vantage-carousel-title-text\">\u00daltimos trabajos<\/span><a href=\"#\" class=\"next\" title=\"Siguiente\"><span class=\"vantage-icon-arrow-right\"><\/span><\/a><a href=\"#\" class=\"previous\" title=\"Anterior\"><span class=\"vantage-icon-arrow-left\"><\/span><\/a><\/span><\/h3><div class=\"vantage-carousel-wrapper\">\n\t\n\t<ul\n\t\tclass=\"vantage-carousel\"\n\t\tdata-query=\"{&quot;post_type&quot;:&quot;post&quot;,&quot;posts_per_page&quot;:4,&quot;orderby&quot;:&quot;date&quot;,&quot;order&quot;:&quot;DESC&quot;,&quot;panels_info&quot;:{&quot;grid&quot;:&quot;1&quot;,&quot;cell&quot;:&quot;0&quot;,&quot;id&quot;:&quot;3&quot;,&quot;class&quot;:&quot;SiteOrigin_Panels_Widgets_PostLoop&quot;,&quot;cell_index&quot;:0,&quot;widget_index&quot;:3},&quot;paged&quot;:1,&quot;post__not_in&quot;:[19],&quot;lazy_load_term_meta&quot;:true}\"\n\t\tdata-ajax-url=\"https:\/\/motosvazquez.com\/web\/wp-admin\/admin-ajax.php?vantage_carousel_nonce=29bb245390\"\n\t>\n\t\t\t\t\t<li class=\"carousel-entry\">\n\t\t\t\t<div class=\"thumbnail\">\n\t\t\t\t\t\t\t\t\t\t\t<a href=\"https:\/\/motosvazquez.com\/web\/?p=5138\" style=\"background-image: url(https:\/\/motosvazquez.com\/web\/wp-content\/uploads\/2019\/11\/IMG_20191121_101831-272x182.jpg)\">\n\t\t\t\t\t\t<\/a>\n\t\t\t\t\t\t\t\t\t<\/div>\n\t\t\t\t\t\t\t\t<h3><a href=\"https:\/\/motosvazquez.com\/web\/?p=5138\">RESTAURACI\u00d3N VESPA PRIMAVERA<\/a><\/h3>\n\t\t\t<\/li>\n\t\t\t\t\t<li class=\"carousel-entry\">\n\t\t\t\t<div class=\"thumbnail\">\n\t\t\t\t\t\t\t\t\t\t\t<a href=\"https:\/\/motosvazquez.com\/web\/?p=5118\" class=\"default-thumbnail\"><span class=\"vantage-overlay\"><\/span><\/a>\n\t\t\t\t\t\t\t\t\t<\/div>\n\t\t\t\t\t\t\t\t<h3><a href=\"https:\/\/motosvazquez.com\/web\/?p=5118\">Honda CR 250 2007  en venta<\/a><\/h3>\n\t\t\t<\/li>\n\t\t\t\t\t<li class=\"carousel-entry\">\n\t\t\t\t<div class=\"thumbnail\">\n\t\t\t\t\t\t\t\t\t\t\t<a href=\"https:\/\/motosvazquez.com\/web\/?p=5101\" style=\"background-image: url(https:\/\/motosvazquez.com\/web\/wp-content\/uploads\/2019\/08\/IMG_20190801_184332-272x182.jpg)\">\n\t\t\t\t\t\t<\/a>\n\t\t\t\t\t\t\t\t\t<\/div>\n\t\t\t\t\t\t\t\t<h3><a href=\"https:\/\/motosvazquez.com\/web\/?p=5101\">RESTAURACI\u00d3N OSSA DESSERT PHANTOM 250<\/a><\/h3>\n\t\t\t<\/li>\n\t\t\t\t\t<li class=\"carousel-entry\">\n\t\t\t\t<div class=\"thumbnail\">\n\t\t\t\t\t\t\t\t\t\t\t<a href=\"https:\/\/motosvazquez.com\/web\/?p=5081\" style=\"background-image: url(https:\/\/motosvazquez.com\/web\/wp-content\/uploads\/2019\/08\/IMG_20190626_102310-272x182.jpg)\">\n\t\t\t\t\t\t<\/a>\n\t\t\t\t\t\t\t\t\t<\/div>\n\t\t\t\t\t\t\t\t<h3><a href=\"https:\/\/motosvazquez.com\/web\/?p=5081\">RESTAURACI\u00d3N MONTESA COTA 348<\/a><\/h3>\n\t\t\t<\/li>\n\t\t\t<\/ul>\n<\/div>\n<\/div><div id=\"panel-19-1-0-1\" class=\"so-panel widget widget_headline-widget panel-last-child\" data-index=\"4\" >\t\t<h1>Motos Vazquez<\/h1>\n\t\t<div class=\"decoration\"><div class=\"decoration-inside\"><\/div><\/div>\n\t\t<h3>Restauraci\u00f3n y preparaci\u00f3n de motos cl\u00e1sicas: Ossa, Bultaco, Montesa, Honda, Yamaha, Harley,Lambretta, Vespa, etc... <\/h3>\n\t\t<\/div><\/div><\/div><\/div><div id=\"pg-19-2\"  class=\"panel-grid panel-no-style\" ><div id=\"pgc-19-2-0\"  class=\"panel-grid-cell panel-grid-cell-empty panel-grid-cell-mobile-last\" ><\/div><div id=\"pgc-19-2-1\"  class=\"panel-grid-cell panel-grid-cell-empty\" ><\/div><\/div><\/div>","protected":false},"excerpt":{"rendered":"<p>Pida presupuesto previo Le facilitamos presupuesto previo tanto de sus reparaciones como de las restauraciones de su moto, sin compromiso alguno. Contacto Garantia Nuestras reparaciones estan garantizadas, Motos Vazquez responde. Restauraciones y Preparaciones Cumplimos los plazos Cumplicos los plazos de entrega de su moto, sin demoras e interminables semanas en el taller. Cumplimos los plazos [&hellip;]<\/p>\n","protected":false},"author":1,"featured_media":0,"parent":0,"menu_order":0,"comment_status":"closed","ping_status":"open","template":"home-panels.php","meta":[],"_links":{"self":[{"href":"https:\/\/motosvazquez.com\/web\/index.php?rest_route=\/wp\/v2\/pages\/19"}],"collection":[{"href":"https:\/\/motosvazquez.com\/web\/index.php?rest_route=\/wp\/v2\/pages"}],"about":[{"href":"https:\/\/motosvazquez.com\/web\/index.php?rest_route=\/wp\/v2\/types\/page"}],"author":[{"embeddable":true,"href":"https:\/\/motosvazquez.com\/web\/index.php?rest_route=\/wp\/v2\/users\/1"}],"replies":[{"embeddable":true,"href":"https:\/\/motosvazquez.com\/web\/index.php?rest_route=%2Fwp%2Fv2%2Fcomments&post=19"}],"version-history":[{"count":3,"href":"https:\/\/motosvazquez.com\/web\/index.php?rest_route=\/wp\/v2\/pages\/19\/revisions"}],"predecessor-version":[{"id":2939,"href":"https:\/\/motosvazquez.com\/web\/index.php?rest_route=\/wp\/v2\/pages\/19\/revisions\/2939"}],"wp:attachment":[{"href":"https:\/\/motosvazquez.com\/web\/index.php?rest_route=%2Fwp%2Fv2%2Fmedia&parent=19"}],"curies":[{"name":"wp","href":"https:\/\/api.w.org\/{rel}","templated":true}]}}