{"id":252,"date":"2017-10-23T16:58:55","date_gmt":"2017-10-23T16:58:55","guid":{"rendered":"http:\/\/motosvazquez.com\/web\/?page_id=252"},"modified":"2017-10-26T10:08:29","modified_gmt":"2017-10-26T10:08:29","slug":"distribuidor-vertigo-y-trs","status":"publish","type":"page","link":"https:\/\/motosvazquez.com\/web\/?page_id=252","title":{"rendered":"V\u00e9rtigo y TRS"},"content":{"rendered":"<p>Somos distribuidores oficiales de V\u00e9rtigo y Trs, no dudes en visitar nuestra tienda para ver las \u00faltimas novedades.<\/p>\n<p><a href=\"https:\/\/www.picadasmotor.com\/motos\"><img decoding=\"async\" loading=\"lazy\" class=\"alignleft wp-image-492\" src=\"http:\/\/motosvazquez.com\/web\/wp-content\/uploads\/2017\/10\/ccfd42_8d50b857e2854ede886284a901f16a82-mv2.png\" alt=\"\" width=\"330\" height=\"67\" \/><\/a> <a href=\"https:\/\/www.picadasmotor.com\/motos\"><img decoding=\"async\" loading=\"lazy\" class=\"alignleft wp-image-493\" src=\"http:\/\/motosvazquez.com\/web\/wp-content\/uploads\/2017\/10\/ccfd42_dc710a2739ce4e8bb3c5e1376e3ec0e9-mv2.png\" alt=\"\" width=\"109\" height=\"121\" \/><\/a><\/p>\n\n\t\t<style type=\"text\/css\">\n\t\t\t#gallery-1 {\n\t\t\t\tmargin: auto;\n\t\t\t}\n\t\t\t#gallery-1 .gallery-item {\n\t\t\t\tfloat: left;\n\t\t\t\tmargin-top: 10px;\n\t\t\t\ttext-align: center;\n\t\t\t\twidth: 33%;\n\t\t\t}\n\t\t\t#gallery-1 img {\n\t\t\t\tborder: 2px solid #cfcfcf;\n\t\t\t}\n\t\t\t#gallery-1 .gallery-caption {\n\t\t\t\tmargin-left: 0;\n\t\t\t}\n\t\t\t\/* see gallery_shortcode() in wp-includes\/media.php *\/\n\t\t<\/style>\n\t\t<div id='gallery-1' class='gallery galleryid-252 gallery-columns-3 gallery-size-thumbnail'><dl class='gallery-item'>\n\t\t\t<dt class='gallery-icon landscape'>\n\t\t\t\t<a href='https:\/\/motosvazquez.com\/web\/?attachment_id=479#main'><img width=\"150\" height=\"150\" src=\"https:\/\/motosvazquez.com\/web\/wp-content\/uploads\/2017\/10\/20161111_122940-150x150.jpg\" class=\"attachment-thumbnail size-thumbnail\" alt=\"\" decoding=\"async\" loading=\"lazy\" \/><\/a>\n\t\t\t<\/dt><\/dl><dl class='gallery-item'>\n\t\t\t<dt class='gallery-icon landscape'>\n\t\t\t\t<a href='https:\/\/motosvazquez.com\/web\/?attachment_id=480#main'><img width=\"150\" height=\"150\" src=\"https:\/\/motosvazquez.com\/web\/wp-content\/uploads\/2017\/10\/20161111_122945-150x150.jpg\" class=\"attachment-thumbnail size-thumbnail\" alt=\"\" decoding=\"async\" loading=\"lazy\" \/><\/a>\n\t\t\t<\/dt><\/dl><dl class='gallery-item'>\n\t\t\t<dt class='gallery-icon landscape'>\n\t\t\t\t<a href='https:\/\/motosvazquez.com\/web\/?attachment_id=481#main'><img width=\"150\" height=\"150\" src=\"https:\/\/motosvazquez.com\/web\/wp-content\/uploads\/2017\/10\/20161111_122948-150x150.jpg\" class=\"attachment-thumbnail size-thumbnail\" alt=\"\" decoding=\"async\" loading=\"lazy\" \/><\/a>\n\t\t\t<\/dt><\/dl><br style=\"clear: both\" \/><dl class='gallery-item'>\n\t\t\t<dt class='gallery-icon landscape'>\n\t\t\t\t<a href='https:\/\/motosvazquez.com\/web\/?attachment_id=482#main'><img width=\"150\" height=\"150\" src=\"https:\/\/motosvazquez.com\/web\/wp-content\/uploads\/2017\/10\/20161111_123008-150x150.jpg\" class=\"attachment-thumbnail size-thumbnail\" alt=\"\" decoding=\"async\" loading=\"lazy\" \/><\/a>\n\t\t\t<\/dt><\/dl><dl class='gallery-item'>\n\t\t\t<dt class='gallery-icon landscape'>\n\t\t\t\t<a href='https:\/\/motosvazquez.com\/web\/?attachment_id=483#main'><img width=\"150\" height=\"150\" src=\"https:\/\/motosvazquez.com\/web\/wp-content\/uploads\/2017\/10\/20161111_123011-150x150.jpg\" class=\"attachment-thumbnail size-thumbnail\" alt=\"\" decoding=\"async\" loading=\"lazy\" \/><\/a>\n\t\t\t<\/dt><\/dl><dl class='gallery-item'>\n\t\t\t<dt class='gallery-icon landscape'>\n\t\t\t\t<a href='https:\/\/motosvazquez.com\/web\/?attachment_id=484#main'><img width=\"150\" height=\"150\" src=\"https:\/\/motosvazquez.com\/web\/wp-content\/uploads\/2017\/10\/20161111_123020-150x150.jpg\" class=\"attachment-thumbnail size-thumbnail\" alt=\"\" decoding=\"async\" loading=\"lazy\" \/><\/a>\n\t\t\t<\/dt><\/dl><br style=\"clear: both\" \/><dl class='gallery-item'>\n\t\t\t<dt class='gallery-icon landscape'>\n\t\t\t\t<a href='https:\/\/motosvazquez.com\/web\/?attachment_id=485#main'><img width=\"150\" height=\"150\" src=\"https:\/\/motosvazquez.com\/web\/wp-content\/uploads\/2017\/10\/20161111_123022-150x150.jpg\" class=\"attachment-thumbnail size-thumbnail\" alt=\"\" decoding=\"async\" loading=\"lazy\" \/><\/a>\n\t\t\t<\/dt><\/dl><dl class='gallery-item'>\n\t\t\t<dt class='gallery-icon landscape'>\n\t\t\t\t<a href='https:\/\/motosvazquez.com\/web\/?attachment_id=486#main'><img width=\"150\" height=\"150\" src=\"https:\/\/motosvazquez.com\/web\/wp-content\/uploads\/2017\/10\/20161111_123025-150x150.jpg\" class=\"attachment-thumbnail size-thumbnail\" alt=\"\" decoding=\"async\" loading=\"lazy\" \/><\/a>\n\t\t\t<\/dt><\/dl><dl class='gallery-item'>\n\t\t\t<dt class='gallery-icon landscape'>\n\t\t\t\t<a href='https:\/\/motosvazquez.com\/web\/?attachment_id=487#main'><img width=\"150\" height=\"150\" src=\"https:\/\/motosvazquez.com\/web\/wp-content\/uploads\/2017\/10\/20161111_123032-150x150.jpg\" class=\"attachment-thumbnail size-thumbnail\" alt=\"\" decoding=\"async\" loading=\"lazy\" \/><\/a>\n\t\t\t<\/dt><\/dl><br style=\"clear: both\" \/><dl class='gallery-item'>\n\t\t\t<dt class='gallery-icon landscape'>\n\t\t\t\t<a href='https:\/\/motosvazquez.com\/web\/?attachment_id=488#main'><img width=\"150\" height=\"150\" src=\"https:\/\/motosvazquez.com\/web\/wp-content\/uploads\/2017\/10\/20160614_134244-150x150.jpg\" class=\"attachment-thumbnail size-thumbnail\" alt=\"\" decoding=\"async\" loading=\"lazy\" \/><\/a>\n\t\t\t<\/dt><\/dl><dl class='gallery-item'>\n\t\t\t<dt class='gallery-icon landscape'>\n\t\t\t\t<a href='https:\/\/motosvazquez.com\/web\/?attachment_id=489#main'><img width=\"150\" height=\"150\" src=\"https:\/\/motosvazquez.com\/web\/wp-content\/uploads\/2017\/10\/20160614_134417-150x150.jpg\" class=\"attachment-thumbnail size-thumbnail\" alt=\"\" decoding=\"async\" loading=\"lazy\" \/><\/a>\n\t\t\t<\/dt><\/dl><dl class='gallery-item'>\n\t\t\t<dt class='gallery-icon landscape'>\n\t\t\t\t<a href='https:\/\/motosvazquez.com\/web\/?attachment_id=490#main'><img width=\"150\" height=\"150\" src=\"https:\/\/motosvazquez.com\/web\/wp-content\/uploads\/2017\/10\/20160614_134510-150x150.jpg\" class=\"attachment-thumbnail size-thumbnail\" alt=\"\" decoding=\"async\" loading=\"lazy\" \/><\/a>\n\t\t\t<\/dt><\/dl><br style=\"clear: both\" \/><dl class='gallery-item'>\n\t\t\t<dt class='gallery-icon landscape'>\n\t\t\t\t<a href='https:\/\/motosvazquez.com\/web\/?attachment_id=491#main'><img width=\"150\" height=\"150\" src=\"https:\/\/motosvazquez.com\/web\/wp-content\/uploads\/2017\/10\/20160614_134520-150x150.jpg\" class=\"attachment-thumbnail size-thumbnail\" alt=\"\" decoding=\"async\" loading=\"lazy\" \/><\/a>\n\t\t\t<\/dt><\/dl>\n\t\t\t<br style='clear: both' \/>\n\t\t<\/div>\n\n","protected":false},"excerpt":{"rendered":"<p>Somos distribuidores oficiales de V\u00e9rtigo y Trs, no dudes en visitar nuestra tienda para ver las \u00faltimas novedades.<\/p>\n","protected":false},"author":1,"featured_media":0,"parent":0,"menu_order":0,"comment_status":"closed","ping_status":"closed","template":"","meta":[],"_links":{"self":[{"href":"https:\/\/motosvazquez.com\/web\/index.php?rest_route=\/wp\/v2\/pages\/252"}],"collection":[{"href":"https:\/\/motosvazquez.com\/web\/index.php?rest_route=\/wp\/v2\/pages"}],"about":[{"href":"https:\/\/motosvazquez.com\/web\/index.php?rest_route=\/wp\/v2\/types\/page"}],"author":[{"embeddable":true,"href":"https:\/\/motosvazquez.com\/web\/index.php?rest_route=\/wp\/v2\/users\/1"}],"replies":[{"embeddable":true,"href":"https:\/\/motosvazquez.com\/web\/index.php?rest_route=%2Fwp%2Fv2%2Fcomments&post=252"}],"version-history":[{"count":5,"href":"https:\/\/motosvazquez.com\/web\/index.php?rest_route=\/wp\/v2\/pages\/252\/revisions"}],"predecessor-version":[{"id":478,"href":"https:\/\/motosvazquez.com\/web\/index.php?rest_route=\/wp\/v2\/pages\/252\/revisions\/478"}],"wp:attachment":[{"href":"https:\/\/motosvazquez.com\/web\/index.php?rest_route=%2Fwp%2Fv2%2Fmedia&parent=252"}],"curies":[{"name":"wp","href":"https:\/\/api.w.org\/{rel}","templated":true}]}}