{"id":63,"date":"2014-08-25T17:15:37","date_gmt":"2014-08-25T17:15:37","guid":{"rendered":"http:\/\/motosvazquez.com\/web\/?page_id=63"},"modified":"2019-01-05T12:33:00","modified_gmt":"2019-01-05T12:33:00","slug":"cafe-racer","status":"publish","type":"page","link":"https:\/\/motosvazquez.com\/web\/?page_id=63","title":{"rendered":"Cafe Racer"},"content":{"rendered":"<h5><span style=\"color: #000000;\">El\u00a0Cafe Racer\u00a0es un estilo de\u00a0motociclismo\u00a0popularizado en el\u00a0Reino Unido\u00a0en la d\u00e9cada de los\u00a0a\u00f1os 1950, principalmente por los Rockers, que personalizaban sus motos con peque\u00f1os\u00a0carenados, modificaciones en chasis y estriberas, tubos de escape, colines y aligeramiento general de la m\u00e1quina, quitando todo aquello que no fuera necesario y poniendo especial \u00e9nfasis en la velocidad y agilidad, dejando la comodidad de sus monturas en un segundo plano.<\/span><\/h5>\n<h5><span style=\"color: #000000;\">En nuestros d\u00edas, este fen\u00f3meno y costumbre adoptada por amantes de las motocicletas se mantiene con bases muy variadas, \u00a0siempre que los elementos b\u00e1sicos se presten configurar una aut\u00e9ntica Cafe Racer y la habilidad, imaginaci\u00f3n o buen hacer de sus propietarios y constructores lo permitan.<\/span><\/h5>\n<h5><span style=\"color: #000000;\">Motos V\u00e1zquez se adentra en el mundo de las Cafe Racer, y arrancamos con la adaptaci\u00f3n de una Honda Dominator 650cc.<\/span><\/h5>\n<p>&nbsp;<\/p>\n<p>Click en la imagen para ver el proceso de transformaci\u00f3n completo:<\/p>\n<div id=\"attachment_66\" style=\"width: 310px\" class=\"wp-caption alignnone\"><a title=\"Honda Dominator 650 Cafe Racer\" href=\"http:\/\/motosvazquez.com\/web\/?p=70\"><img aria-describedby=\"caption-attachment-66\" decoding=\"async\" loading=\"lazy\" class=\"size-medium wp-image-66\" src=\"http:\/\/motosvazquez.com\/web\/wp-content\/uploads\/2014\/08\/5.6-300x168.jpg\" alt=\"Honda Dominator 650 Cafe Racer\" width=\"300\" height=\"168\" srcset=\"https:\/\/motosvazquez.com\/web\/wp-content\/uploads\/2014\/08\/5.6-300x168.jpg 300w, https:\/\/motosvazquez.com\/web\/wp-content\/uploads\/2014\/08\/5.6-1024x576.jpg 1024w, https:\/\/motosvazquez.com\/web\/wp-content\/uploads\/2014\/08\/5.6.jpg 2048w\" sizes=\"(max-width: 300px) 100vw, 300px\" \/><\/a><p id=\"caption-attachment-66\" class=\"wp-caption-text\">Honda Dominator 650 Cafe Racer<\/p><\/div>\n<div id=\"attachment_312\" style=\"width: 310px\" class=\"wp-caption alignleft\"><a href=\"http:\/\/motosvazquez.com\/web\/?p=266\"><img aria-describedby=\"caption-attachment-312\" decoding=\"async\" loading=\"lazy\" class=\"wp-image-312 size-medium\" src=\"http:\/\/motosvazquez.com\/web\/wp-content\/uploads\/2017\/10\/20160208_183058-300x169.jpg\" alt=\"\" width=\"300\" height=\"169\" srcset=\"https:\/\/motosvazquez.com\/web\/wp-content\/uploads\/2017\/10\/20160208_183058-300x169.jpg 300w, https:\/\/motosvazquez.com\/web\/wp-content\/uploads\/2017\/10\/20160208_183058-768x432.jpg 768w, https:\/\/motosvazquez.com\/web\/wp-content\/uploads\/2017\/10\/20160208_183058-1024x576.jpg 1024w, https:\/\/motosvazquez.com\/web\/wp-content\/uploads\/2017\/10\/20160208_183058.jpg 2048w\" sizes=\"(max-width: 300px) 100vw, 300px\" \/><\/a><p id=\"caption-attachment-312\" class=\"wp-caption-text\">BMW R100 Cafe Racer<\/p><\/div>\n<p>&nbsp;<\/p>\n<p>&nbsp;<\/p>\n<p>&nbsp;<\/p>\n<p>&nbsp;<\/p>\n<p>&nbsp;<\/p>\n<div id=\"attachment_341\" style=\"width: 310px\" class=\"wp-caption alignleft\"><a href=\"http:\/\/motosvazquez.com\/web\/?p=321\"><img aria-describedby=\"caption-attachment-341\" decoding=\"async\" loading=\"lazy\" class=\"size-medium wp-image-341\" src=\"http:\/\/motosvazquez.com\/web\/wp-content\/uploads\/2017\/10\/20160609_162928-300x169.jpg\" alt=\"\" width=\"300\" height=\"169\" srcset=\"https:\/\/motosvazquez.com\/web\/wp-content\/uploads\/2017\/10\/20160609_162928-300x169.jpg 300w, https:\/\/motosvazquez.com\/web\/wp-content\/uploads\/2017\/10\/20160609_162928-768x432.jpg 768w, https:\/\/motosvazquez.com\/web\/wp-content\/uploads\/2017\/10\/20160609_162928-1024x576.jpg 1024w, https:\/\/motosvazquez.com\/web\/wp-content\/uploads\/2017\/10\/20160609_162928.jpg 2048w\" sizes=\"(max-width: 300px) 100vw, 300px\" \/><\/a><p id=\"caption-attachment-341\" class=\"wp-caption-text\">Honda Dominator transformacion<\/p><\/div>\n<p>&nbsp;<\/p>\n<p>&nbsp;<\/p>\n<p>&nbsp;<\/p>\n<p>&nbsp;<\/p>\n<p>&nbsp;<\/p>\n<div id=\"attachment_379\" style=\"width: 310px\" class=\"wp-caption alignleft\"><a href=\"http:\/\/motosvazquez.com\/web\/?p=352\"><img aria-describedby=\"caption-attachment-379\" decoding=\"async\" loading=\"lazy\" class=\"size-medium wp-image-379\" src=\"http:\/\/motosvazquez.com\/web\/wp-content\/uploads\/2017\/10\/IMG-20150326-WA0010-300x169.jpg\" alt=\"\" width=\"300\" height=\"169\" srcset=\"https:\/\/motosvazquez.com\/web\/wp-content\/uploads\/2017\/10\/IMG-20150326-WA0010-300x169.jpg 300w, https:\/\/motosvazquez.com\/web\/wp-content\/uploads\/2017\/10\/IMG-20150326-WA0010-768x432.jpg 768w, https:\/\/motosvazquez.com\/web\/wp-content\/uploads\/2017\/10\/IMG-20150326-WA0010-1024x576.jpg 1024w, https:\/\/motosvazquez.com\/web\/wp-content\/uploads\/2017\/10\/IMG-20150326-WA0010.jpg 1280w\" sizes=\"(max-width: 300px) 100vw, 300px\" \/><\/a><p id=\"caption-attachment-379\" class=\"wp-caption-text\">Moto Guzzi transformacion<\/p><\/div>\n<p>&nbsp;<\/p>\n<p>&nbsp;<\/p>\n<p>&nbsp;<\/p>\n<p>&nbsp;<\/p>\n<p>&nbsp;<\/p>\n<div id=\"attachment_391\" style=\"width: 310px\" class=\"wp-caption alignleft\"><a href=\"http:\/\/motosvazquez.com\/web\/?p=384\"><img aria-describedby=\"caption-attachment-391\" decoding=\"async\" loading=\"lazy\" class=\"size-medium wp-image-391\" src=\"http:\/\/motosvazquez.com\/web\/wp-content\/uploads\/2017\/10\/20160624_194414-300x169.jpg\" alt=\"\" width=\"300\" height=\"169\" srcset=\"https:\/\/motosvazquez.com\/web\/wp-content\/uploads\/2017\/10\/20160624_194414-300x169.jpg 300w, https:\/\/motosvazquez.com\/web\/wp-content\/uploads\/2017\/10\/20160624_194414-768x432.jpg 768w, https:\/\/motosvazquez.com\/web\/wp-content\/uploads\/2017\/10\/20160624_194414-1024x576.jpg 1024w, https:\/\/motosvazquez.com\/web\/wp-content\/uploads\/2017\/10\/20160624_194414.jpg 2048w\" sizes=\"(max-width: 300px) 100vw, 300px\" \/><\/a><p id=\"caption-attachment-391\" class=\"wp-caption-text\">Honda Dominator transformaci\u00f3n<\/p><\/div>\n<p>&nbsp;<\/p>\n<p>&nbsp;<\/p>\n<p>&nbsp;<\/p>\n<p>&nbsp;<\/p>\n<p>&nbsp;<\/p>\n<p>&nbsp;<\/p>\n<div id=\"attachment_434\" style=\"width: 310px\" class=\"wp-caption alignleft\"><a href=\"http:\/\/motosvazquez.com\/web\/?p=404\"><img aria-describedby=\"caption-attachment-434\" decoding=\"async\" loading=\"lazy\" class=\"size-medium wp-image-434\" src=\"http:\/\/motosvazquez.com\/web\/wp-content\/uploads\/2017\/10\/2.9-300x169.jpg\" alt=\"\" width=\"300\" height=\"169\" srcset=\"https:\/\/motosvazquez.com\/web\/wp-content\/uploads\/2017\/10\/2.9-300x169.jpg 300w, https:\/\/motosvazquez.com\/web\/wp-content\/uploads\/2017\/10\/2.9-768x432.jpg 768w, https:\/\/motosvazquez.com\/web\/wp-content\/uploads\/2017\/10\/2.9-1024x576.jpg 1024w, https:\/\/motosvazquez.com\/web\/wp-content\/uploads\/2017\/10\/2.9.jpg 2048w\" sizes=\"(max-width: 300px) 100vw, 300px\" \/><\/a><p id=\"caption-attachment-434\" class=\"wp-caption-text\">Triumph Boneville Transformaci\u00f3n<\/p><\/div>\n<p>&nbsp;<\/p>\n<p>&nbsp;<\/p>\n<p>&nbsp;<\/p>\n<p>&nbsp;<\/p>\n<p>&nbsp;<\/p>\n<div id=\"attachment_453\" style=\"width: 310px\" class=\"wp-caption alignleft\"><a href=\"http:\/\/motosvazquez.com\/web\/?p=449\"><img aria-describedby=\"caption-attachment-453\" decoding=\"async\" loading=\"lazy\" class=\"size-medium wp-image-453\" src=\"http:\/\/motosvazquez.com\/web\/wp-content\/uploads\/2017\/10\/IMG_20170605_122436-300x225.jpg\" alt=\"\" width=\"300\" height=\"225\" srcset=\"https:\/\/motosvazquez.com\/web\/wp-content\/uploads\/2017\/10\/IMG_20170605_122436-300x225.jpg 300w, https:\/\/motosvazquez.com\/web\/wp-content\/uploads\/2017\/10\/IMG_20170605_122436-768x576.jpg 768w, https:\/\/motosvazquez.com\/web\/wp-content\/uploads\/2017\/10\/IMG_20170605_122436-1024x768.jpg 1024w\" sizes=\"(max-width: 300px) 100vw, 300px\" \/><\/a><p id=\"caption-attachment-453\" class=\"wp-caption-text\">Transformaci\u00f3n moto Guzzi V100<\/p><\/div>\n<p>&nbsp;<\/p>\n","protected":false},"excerpt":{"rendered":"<p>El\u00a0Cafe Racer\u00a0es un estilo de\u00a0motociclismo\u00a0popularizado en el\u00a0Reino Unido\u00a0en la d\u00e9cada de los\u00a0a\u00f1os 1950, principalmente por los Rockers, que personalizaban sus motos con peque\u00f1os\u00a0carenados, modificaciones en chasis y estriberas, tubos de escape, colines y aligeramiento general de la m\u00e1quina, quitando todo aquello que no fuera necesario y poniendo especial \u00e9nfasis en la velocidad y agilidad, dejando [&hellip;]<\/p>\n","protected":false},"author":1,"featured_media":0,"parent":0,"menu_order":0,"comment_status":"closed","ping_status":"closed","template":"","meta":[],"_links":{"self":[{"href":"https:\/\/motosvazquez.com\/web\/index.php?rest_route=\/wp\/v2\/pages\/63"}],"collection":[{"href":"https:\/\/motosvazquez.com\/web\/index.php?rest_route=\/wp\/v2\/pages"}],"about":[{"href":"https:\/\/motosvazquez.com\/web\/index.php?rest_route=\/wp\/v2\/types\/page"}],"author":[{"embeddable":true,"href":"https:\/\/motosvazquez.com\/web\/index.php?rest_route=\/wp\/v2\/users\/1"}],"replies":[{"embeddable":true,"href":"https:\/\/motosvazquez.com\/web\/index.php?rest_route=%2Fwp%2Fv2%2Fcomments&post=63"}],"version-history":[{"count":16,"href":"https:\/\/motosvazquez.com\/web\/index.php?rest_route=\/wp\/v2\/pages\/63\/revisions"}],"predecessor-version":[{"id":1779,"href":"https:\/\/motosvazquez.com\/web\/index.php?rest_route=\/wp\/v2\/pages\/63\/revisions\/1779"}],"wp:attachment":[{"href":"https:\/\/motosvazquez.com\/web\/index.php?rest_route=%2Fwp%2Fv2%2Fmedia&parent=63"}],"curies":[{"name":"wp","href":"https:\/\/api.w.org\/{rel}","templated":true}]}}